{"id":98,"date":"2011-04-25T14:12:11","date_gmt":"2011-04-25T12:12:11","guid":{"rendered":"http:\/\/vasak.eu\/gsv\/?page_id=98"},"modified":"2025-04-25T21:46:08","modified_gmt":"2025-04-25T19:46:08","slug":"weitere-kenntnisse-erfahrungen","status":"publish","type":"page","link":"http:\/\/vasak.eu\/gsv\/?page_id=98","title":{"rendered":"Eingetragene Fachgebiete"},"content":{"rendered":"<p>Nachrichten- und Informationstechnik und Infrastruktur;<\/p>\n<p>Mitarbeit in diversen Aussch\u00fcssen zum Thema Infrastruktur<br \/>\nin der Kommunikationstechnik und Erstellen von Breitbandausbaukonzepten<\/p>\n<p>Beratung f\u00fcr ausbildende Stellen von Fachkr\u00e4ften<\/p>\n<p>Mitglied der Pr\u00fcfungskommission des Hauptverbandes der allgemein beeideten und gerichtlich zertifizierten Sachverst\u00e4ndigen \u00d6sterreichs f\u00fcr folgende Fachgruppen:<\/p>\n<p>66.25 Kabel, Leitungen der Nachrichtentechnik seit 18.12.1995<\/p>\n<p>66.30 Telefonie, Fernschreiben seit 3.10.2000<\/p>\n<p>66.60 Sendertechnik: Radiosender, Fernsehsender, Antennen, Mobilfunkanlagen, Mobilfunkger\u00e4te seit 03.10.2000<\/p>\n","protected":false},"excerpt":{"rendered":"<p>Nachrichten- und Informationstechnik und Infrastruktur; Mitarbeit in diversen Aussch\u00fcssen zum Thema Infrastruktur in der Kommunikationstechnik und Erstellen von Breitbandausbaukonzepten Beratung f\u00fcr ausbildende Stellen von Fachkr\u00e4ften Mitglied der Pr\u00fcfungskommission des Hauptverbandes der allgemein beeideten und gerichtlich zertifizierten Sachverst\u00e4ndigen \u00d6sterreichs f\u00fcr folgende Fachgruppen: 66.25 Kabel, Leitungen der Nachrichtentechnik seit 18.12.1995 66.30 Telefonie, Fernschreiben seit 3.10.2000 66.60 Sendertechnik: <a href='http:\/\/vasak.eu\/gsv\/?page_id=98' class='excerpt-more'>[&#8230;]<\/a><\/p>\n","protected":false},"author":1,"featured_media":0,"parent":37,"menu_order":0,"comment_status":"closed","ping_status":"closed","template":"","meta":{"footnotes":""},"class_list":["post-98","page","type-page","status-publish","hentry","post-seq-1","post-parity-odd","meta-position-corners","fix"],"_links":{"self":[{"href":"http:\/\/vasak.eu\/gsv\/index.php?rest_route=\/wp\/v2\/pages\/98","targetHints":{"allow":["GET"]}}],"collection":[{"href":"http:\/\/vasak.eu\/gsv\/index.php?rest_route=\/wp\/v2\/pages"}],"about":[{"href":"http:\/\/vasak.eu\/gsv\/index.php?rest_route=\/wp\/v2\/types\/page"}],"author":[{"embeddable":true,"href":"http:\/\/vasak.eu\/gsv\/index.php?rest_route=\/wp\/v2\/users\/1"}],"replies":[{"embeddable":true,"href":"http:\/\/vasak.eu\/gsv\/index.php?rest_route=%2Fwp%2Fv2%2Fcomments&post=98"}],"version-history":[{"count":9,"href":"http:\/\/vasak.eu\/gsv\/index.php?rest_route=\/wp\/v2\/pages\/98\/revisions"}],"predecessor-version":[{"id":245,"href":"http:\/\/vasak.eu\/gsv\/index.php?rest_route=\/wp\/v2\/pages\/98\/revisions\/245"}],"up":[{"embeddable":true,"href":"http:\/\/vasak.eu\/gsv\/index.php?rest_route=\/wp\/v2\/pages\/37"}],"wp:attachment":[{"href":"http:\/\/vasak.eu\/gsv\/index.php?rest_route=%2Fwp%2Fv2%2Fmedia&parent=98"}],"curies":[{"name":"wp","href":"https:\/\/api.w.org\/{rel}","templated":true}]}}