{"id":93,"date":"2011-04-25T14:05:48","date_gmt":"2011-04-25T12:05:48","guid":{"rendered":"http:\/\/vasak.eu\/gsv\/?page_id=93"},"modified":"2012-12-28T00:07:28","modified_gmt":"2012-12-27T23:07:28","slug":"kenntnisse-erfahrungen","status":"publish","type":"page","link":"http:\/\/vasak.eu\/gsv\/?page_id=93","title":{"rendered":"Kenntnisse &#038; Erfahrungen"},"content":{"rendered":"<h2>2011<\/h2>\n<p>F\u00f6rderwesen in \u00d6sterreich und Europ\u00e4ischen Union f\u00fcr Breitbandausbau und Infrastruktur<\/p>\n<h2>2011<\/h2>\n<p>alternative Verlegevarianten der Infrastruktur f\u00fcr Telekommunikation \/ LWL &amp; Cu<\/p>\n<h2>2009<\/h2>\n<p>Blitzschutznormen EN 62305<br \/>\nBlitzschutznormen E8049<\/p>\n<h2>2009<\/h2>\n<p>Der elektronische Akt<\/p>\n<h2>2009<\/h2>\n<p>Grundlagen der LWL-Technologie<\/p>\n<h2>2009<\/h2>\n<p>Air-Side Schulung Flughafen Wien<\/p>\n<h2>2008<\/h2>\n<p>Normen- und Rechtsrecherche in der Elektrotechnik<\/p>\n<h2>2008<\/h2>\n<p>Geb\u00fchren Workshop<\/p>\n<h2>2008<\/h2>\n<p>IT und Telekom Symposium 2008<\/p>\n<h2>2008<\/h2>\n<p>SV im neuen Strafprozess<\/p>\n<h2>2007<\/h2>\n<p>F\u00e4lschungssicherheit von Digitalfotos<\/p>\n<h2>2007<\/h2>\n<p>IT- und Telekom Symposium 2007<\/p>\n<h2>2007<\/h2>\n<p>The broadband way to the future<\/p>\n<h2>2006<\/h2>\n<p>Digitale Fotografie f\u00fcr Gerichtszwecke<\/p>\n<h2>2006<\/h2>\n<p>Chipkarte als neuer SV Ausweis<\/p>\n<h2>2003<\/h2>\n<p>Berufung in die Disziplinarkommission \/ BDG \/ Arbeitsrecht<\/p>\n<h2>2003<\/h2>\n<p>Management Intensivprogramm der Telekom Austria AG<\/p>\n<h2>2002<\/h2>\n<p>Brandbest\u00e4ndige Kabelanlagen in Geb\u00e4uden<\/p>\n<h2>2002<\/h2>\n<p>Das \u00f6sterreichische Elektronikrecht<\/p>\n<h2>2002<\/h2>\n<p>Businessenglisch<\/p>\n<h2>2001<\/h2>\n<p>Berufung in die Pr\u00fcfungskommission der Sachverst\u00e4ndigen<\/p>\n<h2>2001<\/h2>\n<p>Licence2Lead &#8211; F\u00fchrungskr\u00e4fteentwicklungsprogramm zur Etablierung von Performance Management in Telekom Austria AG<\/p>\n<h2>2000<\/h2>\n<p>BWL I und BWL II (Ausbildung durch Planspiele)<\/p>\n<h2>1999<\/h2>\n<p>Anlageverm\u00f6gen<\/p>\n<h2>1998<\/h2>\n<p>Kommunikation I und II<br \/>\nProjektmanagement<br \/>\nPotentialanalyseworkshop<br \/>\nSpezifische BWL-Ausbildung<br \/>\nEnglisch<\/p>\n<h2>1997<\/h2>\n<p>Intelligente Netze<\/p>\n<h2>1995<\/h2>\n<p>Ernennung zum allgemein beeideten gerichtlichen Sachverst\u00e4ndigen<br \/>\n(Fachgruppe: Nachrichten- und Informationstechnik)<\/p>\n<h2>Weitere technische, soziale und organisatorische Kompetenzen und Erfahrungen<\/h2>\n<p>Prozessortechnik,<br \/>\nPC Hard- und Software,<br \/>\ninterne IT -Systeme,<br \/>\nFlugsicherungsanlagen,<br \/>\nFunkger\u00e4te,<br \/>\nAudio- und Videoger\u00e4te,<br \/>\nKommunikationstechnik,<br \/>\nISDN,<br \/>\nTelefonanlagen,<br \/>\nPlanung und Ausbau in der Linientechnik,<br \/>\nBreitbandtechnologie,<br \/>\nVOIP;<\/p>\n<p>Controlling in der Planung &#8222;Linien- und \u00dcbertragungstechnik&#8220;;<\/p>\n<p>Leitung von Projektgruppen zur Umsetzung zentral vorgegebener<br \/>\nIT-, ADSL-, Kollokations- \/ Entb\u00fcndelungs- und Organisations\u00e4nderungsprojekte;<\/p>\n<p>Management Ausbildungen im Rahmen der F\u00fchrungskr\u00e4fteentwicklung von Telekom Austria AG.<\/p>\n<h2>1993<\/h2>\n<p>Amateurfunkpr\u00fcfung<br \/>\nRadio Amateurlicenece<br \/>\nLicence de Radioamateur<\/p>\n","protected":false},"excerpt":{"rendered":"<p>2011 F\u00f6rderwesen in \u00d6sterreich und Europ\u00e4ischen Union f\u00fcr Breitbandausbau und Infrastruktur 2011 alternative Verlegevarianten der Infrastruktur f\u00fcr Telekommunikation \/ LWL &amp; Cu 2009 Blitzschutznormen EN 62305 Blitzschutznormen E8049 2009 Der elektronische Akt 2009 Grundlagen der LWL-Technologie 2009 Air-Side Schulung Flughafen Wien 2008 Normen- und Rechtsrecherche in der Elektrotechnik 2008 Geb\u00fchren Workshop 2008 IT und Telekom <a href='http:\/\/vasak.eu\/gsv\/?page_id=93' class='excerpt-more'>[&#8230;]<\/a><\/p>\n","protected":false},"author":1,"featured_media":0,"parent":72,"menu_order":0,"comment_status":"closed","ping_status":"closed","template":"","meta":{"footnotes":""},"class_list":["post-93","page","type-page","status-publish","hentry","post-seq-1","post-parity-odd","meta-position-corners","fix"],"_links":{"self":[{"href":"http:\/\/vasak.eu\/gsv\/index.php?rest_route=\/wp\/v2\/pages\/93","targetHints":{"allow":["GET"]}}],"collection":[{"href":"http:\/\/vasak.eu\/gsv\/index.php?rest_route=\/wp\/v2\/pages"}],"about":[{"href":"http:\/\/vasak.eu\/gsv\/index.php?rest_route=\/wp\/v2\/types\/page"}],"author":[{"embeddable":true,"href":"http:\/\/vasak.eu\/gsv\/index.php?rest_route=\/wp\/v2\/users\/1"}],"replies":[{"embeddable":true,"href":"http:\/\/vasak.eu\/gsv\/index.php?rest_route=%2Fwp%2Fv2%2Fcomments&post=93"}],"version-history":[{"count":5,"href":"http:\/\/vasak.eu\/gsv\/index.php?rest_route=\/wp\/v2\/pages\/93\/revisions"}],"predecessor-version":[{"id":95,"href":"http:\/\/vasak.eu\/gsv\/index.php?rest_route=\/wp\/v2\/pages\/93\/revisions\/95"}],"up":[{"embeddable":true,"href":"http:\/\/vasak.eu\/gsv\/index.php?rest_route=\/wp\/v2\/pages\/72"}],"wp:attachment":[{"href":"http:\/\/vasak.eu\/gsv\/index.php?rest_route=%2Fwp%2Fv2%2Fmedia&parent=93"}],"curies":[{"name":"wp","href":"https:\/\/api.w.org\/{rel}","templated":true}]}}