{"id":83,"date":"2011-04-25T13:40:59","date_gmt":"2011-04-25T11:40:59","guid":{"rendered":"http:\/\/vasak.eu\/gsv\/?page_id=83"},"modified":"2012-12-27T21:26:26","modified_gmt":"2012-12-27T20:26:26","slug":"ausbildung","status":"publish","type":"page","link":"http:\/\/vasak.eu\/gsv\/?page_id=83","title":{"rendered":"Ausbildung"},"content":{"rendered":"<h2>06\/2012<\/h2>\n<p>Beh\u00f6rdliche Erteilung des Gewerbes: Unternehmensberatung einschlie\u00dflich der Unternehmensorganisation<\/p>\n<h2>03\/2009<\/h2>\n<p>Beh\u00f6rdliche Erteilung der Konzession f\u00fcr Elektro- und Nachrichtentechnik gem\u00e4\u00df Gewerbeordnung 1994<\/p>\n<h2>05\/2007<\/h2>\n<p>Abschluss des Universit\u00e4tslehrganges International Strategic Managment &#8211; MBA Programm &#8211;<br \/>\nmit der akademischen Graduierung zum Master of Business Administration;<\/p>\n<p>Thema meiner Master Thesis:<br \/>\nFast Broadband Power in Access Network \/ Prozesskostenanalyse im Bereich Network der Telekom Austria AG.<\/p>\n<p>Ziel dieser Master Thesis war eine Prozesskostenanalyse<br \/>\nim Hinblick auf den Einsatz neuer Technologien und<br \/>\neiner Prozessneuorganisation der IT in diesem Bereich<br \/>\num vorgegebene Kostenreduktionen zu erreichen.<\/p>\n<h2>12\/2005 &#8211; 04\/2007<\/h2>\n<p>Universit\u00e4tslehrgang International Strategic Managment &#8211;<br \/>\nMBA Programm an der Johannes Kepler Universit\u00e4t (Linz)<\/p>\n<h2>2004<\/h2>\n<p>Stipendium an der Siemens Academy of Life<\/p>\n<h2>1997<\/h2>\n<p>Diplomarbeit zum Dipl.-HTL-Ing.<\/p>\n<p>Thema: Fernmeldenetzplanung, Mehrfachausn\u00fctzung (PCM) Vorstellung eines Direct Link System<br \/>\n(Planung unter Ber\u00fccksichtigung der betriebswirtschaftlichen Grundlagen \/ Erstellung des Projektes \/ Bauaufsicht \/ Sicherheitstechnik<br \/>\nund Inbetriebnahme)<\/p>\n<h2>1987 &#8211; 1989<\/h2>\n<p>Studium der Betriebswirtschaftslehre an der Wirtschaftsuniversit\u00e4t Wien<\/p>\n<h2>1980 &#8211; 1986<\/h2>\n<p>TGM &#8211; Technologisches Gewerbemuseum<br \/>\nH\u00f6here Lehranstalt f\u00fcr Elektronik &#8211;<br \/>\nFachrichtung Nachrichtentechnik und IT (in Abendschule)<\/p>\n<h2>1979 &#8211; 1983<\/h2>\n<p>Berufsschule Radio- und Fernsehtechniker<\/p>\n<h2>1970 &#8211; 1979<\/h2>\n<p>Pflichtschule<\/p>\n","protected":false},"excerpt":{"rendered":"<p>06\/2012 Beh\u00f6rdliche Erteilung des Gewerbes: Unternehmensberatung einschlie\u00dflich der Unternehmensorganisation 03\/2009 Beh\u00f6rdliche Erteilung der Konzession f\u00fcr Elektro- und Nachrichtentechnik gem\u00e4\u00df Gewerbeordnung 1994 05\/2007 Abschluss des Universit\u00e4tslehrganges International Strategic Managment &#8211; MBA Programm &#8211; mit der akademischen Graduierung zum Master of Business Administration; Thema meiner Master Thesis: Fast Broadband Power in Access Network \/ Prozesskostenanalyse im Bereich <a href='http:\/\/vasak.eu\/gsv\/?page_id=83' class='excerpt-more'>[&#8230;]<\/a><\/p>\n","protected":false},"author":1,"featured_media":0,"parent":72,"menu_order":0,"comment_status":"closed","ping_status":"closed","template":"","meta":{"footnotes":""},"class_list":["post-83","page","type-page","status-publish","hentry","post-seq-1","post-parity-odd","meta-position-corners","fix"],"_links":{"self":[{"href":"http:\/\/vasak.eu\/gsv\/index.php?rest_route=\/wp\/v2\/pages\/83","targetHints":{"allow":["GET"]}}],"collection":[{"href":"http:\/\/vasak.eu\/gsv\/index.php?rest_route=\/wp\/v2\/pages"}],"about":[{"href":"http:\/\/vasak.eu\/gsv\/index.php?rest_route=\/wp\/v2\/types\/page"}],"author":[{"embeddable":true,"href":"http:\/\/vasak.eu\/gsv\/index.php?rest_route=\/wp\/v2\/users\/1"}],"replies":[{"embeddable":true,"href":"http:\/\/vasak.eu\/gsv\/index.php?rest_route=%2Fwp%2Fv2%2Fcomments&post=83"}],"version-history":[{"count":4,"href":"http:\/\/vasak.eu\/gsv\/index.php?rest_route=\/wp\/v2\/pages\/83\/revisions"}],"predecessor-version":[{"id":178,"href":"http:\/\/vasak.eu\/gsv\/index.php?rest_route=\/wp\/v2\/pages\/83\/revisions\/178"}],"up":[{"embeddable":true,"href":"http:\/\/vasak.eu\/gsv\/index.php?rest_route=\/wp\/v2\/pages\/72"}],"wp:attachment":[{"href":"http:\/\/vasak.eu\/gsv\/index.php?rest_route=%2Fwp%2Fv2%2Fmedia&parent=83"}],"curies":[{"name":"wp","href":"https:\/\/api.w.org\/{rel}","templated":true}]}}