{"id":65,"date":"2011-04-23T10:20:00","date_gmt":"2011-04-23T08:20:00","guid":{"rendered":"http:\/\/vasak.eu\/gsv\/?page_id=65"},"modified":"2021-09-11T19:55:39","modified_gmt":"2021-09-11T17:55:39","slug":"beratungstatigkeit","status":"publish","type":"page","link":"http:\/\/vasak.eu\/gsv\/?page_id=65","title":{"rendered":"Beratungst\u00e4tigkeit"},"content":{"rendered":"<p>Beratungst\u00e4tigkeit f\u00fchre ich f\u00fcr folgende Fachgebiete durch:<\/p>\n<ul>\n<li>Kabel und Leitungen aller Technologien (CU-Kabel, Lichtwellenleiter Lwl)<\/li>\n<li>Sicherheitstechnik<\/li>\n<li>IT-Anlagen<\/li>\n<li>TK-Anlagen<\/li>\n<li>Funk-Anlagen<\/li>\n<li>Mobilfunkanlagen (alle Technologien 3G,4G,5G)<\/li>\n<li>Gegensprechanlagen<\/li>\n<li>Infrastruktur in der Kommunikationstechnik<\/li>\n<li>Kommunikationsversorgung (IT-Bedarf) f\u00fcr Privat und Gesch\u00e4ftskunden<\/li>\n<li>Begutachtungen von Handysch\u00e4den bzw.Reparaturen aller Marken<\/li>\n<li>Beweissicherungsverfahren in den eingetragenen Fachgebieten<\/li>\n<li>Ausbildung und \u00dcberpr\u00fcfung von Fachkr\u00e4ften in den eingetragenen Fachgebieten<\/li>\n<\/ul>\n","protected":false},"excerpt":{"rendered":"<p>Beratungst\u00e4tigkeit f\u00fchre ich f\u00fcr folgende Fachgebiete durch: Kabel und Leitungen aller Technologien (CU-Kabel, Lichtwellenleiter Lwl) Sicherheitstechnik IT-Anlagen TK-Anlagen Funk-Anlagen Mobilfunkanlagen (alle Technologien 3G,4G,5G) Gegensprechanlagen Infrastruktur in der Kommunikationstechnik Kommunikationsversorgung (IT-Bedarf) f\u00fcr Privat und Gesch\u00e4ftskunden Begutachtungen von Handysch\u00e4den bzw.Reparaturen aller Marken Beweissicherungsverfahren in den eingetragenen Fachgebieten Ausbildung und \u00dcberpr\u00fcfung von Fachkr\u00e4ften in den eingetragenen Fachgebieten<\/p>\n","protected":false},"author":1,"featured_media":0,"parent":0,"menu_order":0,"comment_status":"closed","ping_status":"closed","template":"","meta":{"footnotes":""},"class_list":["post-65","page","type-page","status-publish","hentry","post-seq-1","post-parity-odd","meta-position-corners","fix"],"_links":{"self":[{"href":"http:\/\/vasak.eu\/gsv\/index.php?rest_route=\/wp\/v2\/pages\/65","targetHints":{"allow":["GET"]}}],"collection":[{"href":"http:\/\/vasak.eu\/gsv\/index.php?rest_route=\/wp\/v2\/pages"}],"about":[{"href":"http:\/\/vasak.eu\/gsv\/index.php?rest_route=\/wp\/v2\/types\/page"}],"author":[{"embeddable":true,"href":"http:\/\/vasak.eu\/gsv\/index.php?rest_route=\/wp\/v2\/users\/1"}],"replies":[{"embeddable":true,"href":"http:\/\/vasak.eu\/gsv\/index.php?rest_route=%2Fwp%2Fv2%2Fcomments&post=65"}],"version-history":[{"count":6,"href":"http:\/\/vasak.eu\/gsv\/index.php?rest_route=\/wp\/v2\/pages\/65\/revisions"}],"predecessor-version":[{"id":217,"href":"http:\/\/vasak.eu\/gsv\/index.php?rest_route=\/wp\/v2\/pages\/65\/revisions\/217"}],"wp:attachment":[{"href":"http:\/\/vasak.eu\/gsv\/index.php?rest_route=%2Fwp%2Fv2%2Fmedia&parent=65"}],"curies":[{"name":"wp","href":"https:\/\/api.w.org\/{rel}","templated":true}]}}