{"id":6,"date":"2011-04-21T17:03:50","date_gmt":"2011-04-21T15:03:50","guid":{"rendered":"http:\/\/vasak.eu\/gsv\/?page_id=6"},"modified":"2025-04-25T19:36:59","modified_gmt":"2025-04-25T17:36:59","slug":"herzliche-willkommen","status":"publish","type":"page","link":"http:\/\/vasak.eu\/gsv\/","title":{"rendered":"Herzlich Willkommen!"},"content":{"rendered":"<p style=\"text-align: left;\">Ich freue mich sehr,<br \/>\nSie auf meiner Website begr\u00fc\u00dfen zu d\u00fcrfen.<\/p>\n<p style=\"text-align: left;\">Auf den folgenden Seiten finden<br \/>\nSie Informationen zu meiner Person und<br \/>\nInformationen zu meiner Gutachtert\u00e4tigkeit.<\/p>\n<p style=\"text-align: left;\"><strong><span style=\"color: #ff0000;\">&nbsp;<\/span><\/strong><\/p>\n<p>Kontakt E-Mail: <a href=\"mailto:christian.vasak@aon.at\">christian.vasak@aon.at<\/a><\/p>\n","protected":false},"excerpt":{"rendered":"<p>Ich freue mich sehr, Sie auf meiner Website begr\u00fc\u00dfen zu d\u00fcrfen. Auf den folgenden Seiten finden Sie Informationen zu meiner Person und Informationen zu meiner Gutachtert\u00e4tigkeit. &nbsp; Kontakt E-Mail: christian.vasak@aon.at<\/p>\n","protected":false},"author":1,"featured_media":246,"parent":0,"menu_order":0,"comment_status":"closed","ping_status":"closed","template":"","meta":{"footnotes":""},"class_list":["post-6","page","type-page","status-publish","has-post-thumbnail","hentry","post-seq-1","post-parity-odd","meta-position-corners","fix"],"_links":{"self":[{"href":"http:\/\/vasak.eu\/gsv\/index.php?rest_route=\/wp\/v2\/pages\/6","targetHints":{"allow":["GET"]}}],"collection":[{"href":"http:\/\/vasak.eu\/gsv\/index.php?rest_route=\/wp\/v2\/pages"}],"about":[{"href":"http:\/\/vasak.eu\/gsv\/index.php?rest_route=\/wp\/v2\/types\/page"}],"author":[{"embeddable":true,"href":"http:\/\/vasak.eu\/gsv\/index.php?rest_route=\/wp\/v2\/users\/1"}],"replies":[{"embeddable":true,"href":"http:\/\/vasak.eu\/gsv\/index.php?rest_route=%2Fwp%2Fv2%2Fcomments&post=6"}],"version-history":[{"count":18,"href":"http:\/\/vasak.eu\/gsv\/index.php?rest_route=\/wp\/v2\/pages\/6\/revisions"}],"predecessor-version":[{"id":200,"href":"http:\/\/vasak.eu\/gsv\/index.php?rest_route=\/wp\/v2\/pages\/6\/revisions\/200"}],"wp:featuredmedia":[{"embeddable":true,"href":"http:\/\/vasak.eu\/gsv\/index.php?rest_route=\/wp\/v2\/media\/246"}],"wp:attachment":[{"href":"http:\/\/vasak.eu\/gsv\/index.php?rest_route=%2Fwp%2Fv2%2Fmedia&parent=6"}],"curies":[{"name":"wp","href":"https:\/\/api.w.org\/{rel}","templated":true}]}}