{"id":29,"date":"2011-04-22T14:15:03","date_gmt":"2011-04-22T12:15:03","guid":{"rendered":"http:\/\/vasak.eu\/gsv\/?page_id=29"},"modified":"2011-04-22T14:15:03","modified_gmt":"2011-04-22T12:15:03","slug":"leitbild","status":"publish","type":"page","link":"http:\/\/vasak.eu\/gsv\/?page_id=29","title":{"rendered":"Leitbild"},"content":{"rendered":"<blockquote><p>The greatest difficulty in the world is not for people to accept new  ideas, but to make forget about old ideas<br \/>\n<br \/><em>\u2014&nbsp;Johan&nbsp;Maynard&nbsp;Keynes<\/em><\/p><\/blockquote>\n<blockquote><p>Ver\u00e4nderung stellt sich mit der Erosion \u00fcberkommener Ansichten ein, wie das unerm\u00fcdliche Nagen des Meeres an einer Steilk\u00fcste. Unsere Vorstellung von der Zukunft ist meistens rosig, weil wir das Entstehen neuer Strukturen, Techniken und folglich neuer Ph\u00e4nomene nicht vorhersehen k\u00f6nnen.<br \/>\n<br \/><em>&mdash;&nbsp;Peter&nbsp;Ustinov<\/em><\/p><\/blockquote>\n<blockquote><p>Fiat iustitia aut pereat mundus<br \/>\n<br \/><em>&mdash;&nbsp;Kaiser&nbsp;Ferdinand&nbsp;I<\/em><\/p><\/blockquote>\n","protected":false},"excerpt":{"rendered":"<p>The greatest difficulty in the world is not for people to accept new ideas, but to make forget about old ideas \u2014&nbsp;Johan&nbsp;Maynard&nbsp;Keynes Ver\u00e4nderung stellt sich mit der Erosion \u00fcberkommener Ansichten ein, wie das unerm\u00fcdliche Nagen des Meeres an einer Steilk\u00fcste. Unsere Vorstellung von der Zukunft ist meistens rosig, weil wir das Entstehen neuer Strukturen, Techniken <a href='http:\/\/vasak.eu\/gsv\/?page_id=29' class='excerpt-more'>[&#8230;]<\/a><\/p>\n","protected":false},"author":1,"featured_media":0,"parent":0,"menu_order":0,"comment_status":"closed","ping_status":"closed","template":"","meta":{"footnotes":""},"class_list":["post-29","page","type-page","status-publish","hentry","post-seq-1","post-parity-odd","meta-position-corners","fix"],"_links":{"self":[{"href":"http:\/\/vasak.eu\/gsv\/index.php?rest_route=\/wp\/v2\/pages\/29","targetHints":{"allow":["GET"]}}],"collection":[{"href":"http:\/\/vasak.eu\/gsv\/index.php?rest_route=\/wp\/v2\/pages"}],"about":[{"href":"http:\/\/vasak.eu\/gsv\/index.php?rest_route=\/wp\/v2\/types\/page"}],"author":[{"embeddable":true,"href":"http:\/\/vasak.eu\/gsv\/index.php?rest_route=\/wp\/v2\/users\/1"}],"replies":[{"embeddable":true,"href":"http:\/\/vasak.eu\/gsv\/index.php?rest_route=%2Fwp%2Fv2%2Fcomments&post=29"}],"version-history":[{"count":7,"href":"http:\/\/vasak.eu\/gsv\/index.php?rest_route=\/wp\/v2\/pages\/29\/revisions"}],"predecessor-version":[{"id":153,"href":"http:\/\/vasak.eu\/gsv\/index.php?rest_route=\/wp\/v2\/pages\/29\/revisions\/153"}],"wp:attachment":[{"href":"http:\/\/vasak.eu\/gsv\/index.php?rest_route=%2Fwp%2Fv2%2Fmedia&parent=29"}],"curies":[{"name":"wp","href":"https:\/\/api.w.org\/{rel}","templated":true}]}}